{"id":14899,"date":"2018-02-19T13:09:18","date_gmt":"2018-02-19T12:09:18","guid":{"rendered":"https:\/\/wpml.safelift.se\/about\/"},"modified":"2024-09-20T16:07:05","modified_gmt":"2024-09-20T14:07:05","slug":"about","status":"publish","type":"page","link":"https:\/\/wpml.safelift.se\/en\/about\/","title":{"rendered":"About Safelift"},"content":{"rendered":"<p>[et_pb_section fb_built=&#8221;1&#8243; fullwidth=&#8221;on&#8221; _builder_version=&#8221;4.16&#8243; global_colors_info=&#8221;{}&#8221;][et_pb_fullwidth_header header_fullscreen=&#8221;on&#8221; header_scroll_down=&#8221;on&#8221; scroll_down_icon=&#8221;%%1%%&#8221; disabled_on=&#8221;off||&#8221; module_class=&#8221;makedark&#8221; _builder_version=&#8221;4.16&#8243; background_color=&#8221;rgba(255, 255, 255, 0)&#8221; background_image=&#8221;https:\/\/wpml.safelift.se\/wp-content\/uploads\/180116_safelift_fjl_270.jpg&#8221; parallax=&#8221;on&#8221; parallax_method=&#8221;on&#8221; background_layout=&#8221;light&#8221; z_index_tablet=&#8221;500&#8243; title_text_shadow_horizontal_length_tablet=&#8221;0px&#8221; title_text_shadow_vertical_length_tablet=&#8221;0px&#8221; title_text_shadow_blur_strength_tablet=&#8221;1px&#8221; content_text_shadow_horizontal_length_tablet=&#8221;0px&#8221; content_text_shadow_vertical_length_tablet=&#8221;0px&#8221; content_text_shadow_blur_strength_tablet=&#8221;1px&#8221; subhead_text_shadow_horizontal_length_tablet=&#8221;0px&#8221; subhead_text_shadow_vertical_length_tablet=&#8221;0px&#8221; subhead_text_shadow_blur_strength_tablet=&#8221;1px&#8221; content_link_text_shadow_horizontal_length_tablet=&#8221;0px&#8221; content_link_text_shadow_vertical_length_tablet=&#8221;0px&#8221; content_link_text_shadow_blur_strength_tablet=&#8221;1px&#8221; content_ul_text_shadow_horizontal_length_tablet=&#8221;0px&#8221; content_ul_text_shadow_vertical_length_tablet=&#8221;0px&#8221; content_ul_text_shadow_blur_strength_tablet=&#8221;1px&#8221; content_ol_text_shadow_horizontal_length_tablet=&#8221;0px&#8221; content_ol_text_shadow_vertical_length_tablet=&#8221;0px&#8221; content_ol_text_shadow_blur_strength_tablet=&#8221;1px&#8221; content_quote_text_shadow_horizontal_length_tablet=&#8221;0px&#8221; content_quote_text_shadow_vertical_length_tablet=&#8221;0px&#8221; content_quote_text_shadow_blur_strength_tablet=&#8221;1px&#8221; button_one_text_shadow_horizontal_length_tablet=&#8221;0px&#8221; button_one_text_shadow_vertical_length_tablet=&#8221;0px&#8221; button_one_text_shadow_blur_strength_tablet=&#8221;1px&#8221; button_two_text_shadow_horizontal_length_tablet=&#8221;0px&#8221; button_two_text_shadow_vertical_length_tablet=&#8221;0px&#8221; button_two_text_shadow_blur_strength_tablet=&#8221;1px&#8221; box_shadow_horizontal_tablet=&#8221;0px&#8221; box_shadow_vertical_tablet=&#8221;0px&#8221; box_shadow_blur_tablet=&#8221;40px&#8221; box_shadow_spread_tablet=&#8221;0px&#8221; box_shadow_horizontal_image_tablet=&#8221;0px&#8221; box_shadow_vertical_image_tablet=&#8221;0px&#8221; box_shadow_blur_image_tablet=&#8221;40px&#8221; box_shadow_spread_image_tablet=&#8221;0px&#8221; box_shadow_horizontal_button_one_tablet=&#8221;0px&#8221; box_shadow_vertical_button_one_tablet=&#8221;0px&#8221; box_shadow_blur_button_one_tablet=&#8221;40px&#8221; box_shadow_spread_button_one_tablet=&#8221;0px&#8221; box_shadow_horizontal_button_two_tablet=&#8221;0px&#8221; box_shadow_vertical_button_two_tablet=&#8221;0px&#8221; box_shadow_blur_button_two_tablet=&#8221;40px&#8221; box_shadow_spread_button_two_tablet=&#8221;0px&#8221; text_shadow_horizontal_length_tablet=&#8221;0px&#8221; text_shadow_vertical_length_tablet=&#8221;0px&#8221; text_shadow_blur_strength_tablet=&#8221;1px&#8221; global_colors_info=&#8221;{}&#8221; button_one_text_size__hover_enabled=&#8221;off&#8221; button_one_text_size__hover=&#8221;null&#8221; button_two_text_size__hover_enabled=&#8221;off&#8221; button_two_text_size__hover=&#8221;null&#8221; button_one_text_color__hover_enabled=&#8221;off&#8221; button_one_text_color__hover=&#8221;null&#8221; button_two_text_color__hover_enabled=&#8221;off&#8221; button_two_text_color__hover=&#8221;null&#8221; button_one_border_width__hover_enabled=&#8221;off&#8221; button_one_border_width__hover=&#8221;null&#8221; button_two_border_width__hover_enabled=&#8221;off&#8221; button_two_border_width__hover=&#8221;null&#8221; button_one_border_color__hover_enabled=&#8221;off&#8221; button_one_border_color__hover=&#8221;null&#8221; button_two_border_color__hover_enabled=&#8221;off&#8221; button_two_border_color__hover=&#8221;null&#8221; button_one_border_radius__hover_enabled=&#8221;off&#8221; button_one_border_radius__hover=&#8221;null&#8221; button_two_border_radius__hover_enabled=&#8221;off&#8221; button_two_border_radius__hover=&#8221;null&#8221; button_one_letter_spacing__hover_enabled=&#8221;off&#8221; button_one_letter_spacing__hover=&#8221;null&#8221; button_two_letter_spacing__hover_enabled=&#8221;off&#8221; button_two_letter_spacing__hover=&#8221;null&#8221; button_one_bg_color__hover_enabled=&#8221;off&#8221; button_one_bg_color__hover=&#8221;null&#8221; button_two_bg_color__hover_enabled=&#8221;off&#8221; button_two_bg_color__hover=&#8221;null&#8221;][\/et_pb_fullwidth_header][\/et_pb_section][et_pb_section fb_built=&#8221;1&#8243; _builder_version=&#8221;4.16&#8243; background_size=&#8221;contain&#8221; background_position=&#8221;top_left&#8221; global_colors_info=&#8221;{}&#8221;][et_pb_row column_structure=&#8221;1_2,1_2&#8243; _builder_version=&#8221;4.16&#8243; background_size=&#8221;initial&#8221; background_position=&#8221;top_left&#8221; background_repeat=&#8221;repeat&#8221; global_colors_info=&#8221;{}&#8221;][et_pb_column type=&#8221;1_2&#8243; _builder_version=&#8221;4.16&#8243; custom_padding=&#8221;|||&#8221; global_colors_info=&#8221;{}&#8221; custom_padding__hover=&#8221;|||&#8221;][et_pb_image src=&#8221;https:\/\/wpml.safelift.se\/wp-content\/uploads\/safelift-about.jpg&#8221; alt=&#8221;Mast lifts from Safelift&#8221; title_text=&#8221;Mast lifts from Safelift&#8221; align_tablet=&#8221;center&#8221; align_phone=&#8221;&#8221; align_last_edited=&#8221;on|desktop&#8221; _builder_version=&#8221;4.16&#8243; z_index_tablet=&#8221;500&#8243; box_shadow_horizontal_tablet=&#8221;0px&#8221; box_shadow_vertical_tablet=&#8221;0px&#8221; box_shadow_blur_tablet=&#8221;40px&#8221; box_shadow_spread_tablet=&#8221;0px&#8221; global_colors_info=&#8221;{}&#8221;][\/et_pb_image][\/et_pb_column][et_pb_column type=&#8221;1_2&#8243; _builder_version=&#8221;4.16&#8243; custom_padding=&#8221;|||&#8221; global_colors_info=&#8221;{}&#8221; custom_padding__hover=&#8221;|||&#8221;][et_pb_text _builder_version=&#8221;4.27.0&#8243; hover_enabled=&#8221;0&#8243; global_colors_info=&#8221;{}&#8221; sticky_enabled=&#8221;0&#8243;]<\/p>\n<h1>About Safelift<\/h1>\n<p>Safelift was founded in 2010 with the aim of replacing ladders with flexible and user-friendly mast lifts, thus making working at height indoors safe.<\/p>\n<p>After a couple of years of product development, we could present two models, <a href=\"https:\/\/wpml.safelift.se\/produkter\/pusharound\/\">PushAround <\/a> and <a href=\"https:\/\/wpml.safelift.se\/en\/products\/movearound\/\">MoveAround <\/a> in 2013, each with a work height of 5 metres. Today we export to a number of countries in Europe. <\/p>\n<p>The product development and assembly are performed on our premises in V\u00e4xj\u00f6, and most parts of the lifts are manufactured in the vicinity of V\u00e4xj\u00f6, giving us complete control over function and quality.<\/p>\n<h2>Mast lifts with high safety<\/h2>\n<p>All our lifts meet the high standards of EU safety requirements in the EC Directive and EN280 standard. Our lifts are CE marked in accordance with these requirements. <\/p>\n<p>The simple and easy to manoeuvre design, makes Safelift\u2019s lifts a cost-effective alternative to similar lifts out on the market.<\/p>\n<p>Our future plans are to broaden the product range with a PickAround for handling goods in shops and warehouses and to offer lower and higher lifts to enable more people to change the steps and to work safely indoors.<\/p>\n<p><strong>Safelift \u2013 Mast lifts for safe work indoors!<\/strong><\/p>\n<p>[\/et_pb_text][et_pb_button button_url=&#8221;https:\/\/wpml.safelift.se\/wp-content\/uploads\/General-Terms-and-Conditions_Safelift.pdf&#8221; button_text=&#8221;General Terms and Conditions&#8221; _builder_version=&#8221;4.16&#8243; global_colors_info=&#8221;{}&#8221;][\/et_pb_button][\/et_pb_column][\/et_pb_row][\/et_pb_section][et_pb_section fb_built=&#8221;1&#8243; disabled_on=&#8221;off|off|off&#8221; admin_label=&#8221;F\u00f6rdelar&#8221; module_class=&#8221;graybg&#8221; _builder_version=&#8221;4.22.2&#8243; global_module=&#8221;332&#8243; collapsed=&#8221;on&#8221; global_colors_info=&#8221;{}&#8221;][et_pb_row _builder_version=&#8221;4.16&#8243; background_size=&#8221;initial&#8221; background_position=&#8221;top_left&#8221; background_repeat=&#8221;repeat&#8221; custom_margin=&#8221;||0px|&#8221; custom_padding=&#8221;||0px|&#8221; collapsed=&#8221;off&#8221; global_colors_info=&#8221;{}&#8221;][et_pb_column type=&#8221;4_4&#8243; _builder_version=&#8221;4.16&#8243; custom_padding=&#8221;||0px|&#8221; global_colors_info=&#8221;{}&#8221; custom_padding__hover=&#8221;|||&#8221;][et_pb_text admin_label=&#8221;F\u00f6rdelar med Safelift&#8221; _builder_version=&#8221;4.16&#8243; global_colors_info=&#8221;{}&#8221;]<\/p>\n<h2>Advantages of Safelift<\/h2>\n<p>[\/et_pb_text][\/et_pb_column][\/et_pb_row][et_pb_row column_structure=&#8221;1_3,1_3,1_3&#8243; make_equal=&#8221;on&#8221; module_class=&#8221;responsive-rows&#8221; _builder_version=&#8221;4.16&#8243; background_size=&#8221;initial&#8221; background_position=&#8221;top_left&#8221; background_repeat=&#8221;repeat&#8221; global_colors_info=&#8221;{}&#8221;][et_pb_column type=&#8221;1_3&#8243; _builder_version=&#8221;4.16&#8243; custom_padding=&#8221;|||&#8221; global_colors_info=&#8221;{}&#8221; custom_padding__hover=&#8221;|||&#8221;][et_pb_blurb title=&#8221;Safe working at height&#8221; use_icon=&#8221;on&#8221; font_icon=&#8221;&#xe0d9;||divi||400&#8243; icon_placement=&#8221;left&#8221; admin_label=&#8221;S\u00e4kert arbete p\u00e5 h\u00f6g h\u00f6jd&#8221; _builder_version=&#8221;4.16&#8243; global_colors_info=&#8221;{}&#8221;]<\/p>\n<p>With Safelift, you eliminate the risk of accidents in the workplace.<\/p>\n<p>[\/et_pb_blurb][\/et_pb_column][et_pb_column type=&#8221;1_3&#8243; _builder_version=&#8221;4.16&#8243; custom_padding=&#8221;|||&#8221; global_colors_info=&#8221;{}&#8221; custom_padding__hover=&#8221;|||&#8221;][et_pb_blurb title=&#8221; User friendly&#8221; use_icon=&#8221;on&#8221; font_icon=&#8221;&#xe0dd;||divi||400&#8243; icon_placement=&#8221;left&#8221; admin_label=&#8221; Anv\u00e4ndarv\u00e4nlig&#8221; _builder_version=&#8221;4.16&#8243; global_colors_info=&#8221;{}&#8221;]<\/p>\n<p>Low entry and easy operation.<\/p>\n<p>[\/et_pb_blurb][\/et_pb_column][et_pb_column type=&#8221;1_3&#8243; _builder_version=&#8221;4.16&#8243; custom_padding=&#8221;|||&#8221; global_colors_info=&#8221;{}&#8221; custom_padding__hover=&#8221;|||&#8221;][et_pb_blurb title=&#8221;Low-maintenance&#8221; use_icon=&#8221;on&#8221; font_icon=&#8221;&#xe035;||divi||400&#8243; icon_placement=&#8221;left&#8221; admin_label=&#8221;Underh\u00e5ll&#8221; _builder_version=&#8221;4.16&#8243; global_colors_info=&#8221;{}&#8221;]<\/p>\n<p>Safelift is easy to charge and is low-maintenance.<\/p>\n<p>[\/et_pb_blurb][\/et_pb_column][\/et_pb_row][et_pb_row column_structure=&#8221;1_3,1_3,1_3&#8243; module_class=&#8221;responsive-rows&#8221; _builder_version=&#8221;4.16&#8243; background_size=&#8221;initial&#8221; background_position=&#8221;top_left&#8221; background_repeat=&#8221;repeat&#8221; global_colors_info=&#8221;{}&#8221;][et_pb_column type=&#8221;1_3&#8243; _builder_version=&#8221;4.16&#8243; custom_padding=&#8221;|||&#8221; global_colors_info=&#8221;{}&#8221; custom_padding__hover=&#8221;|||&#8221;][et_pb_blurb title=&#8221;Personal safety&#8221; use_icon=&#8221;on&#8221; font_icon=&#8221;&#xe06c;||divi||400&#8243; icon_placement=&#8221;left&#8221; admin_label=&#8221;Personlig s\u00e4kerhet&#8221; _builder_version=&#8221;4.16&#8243; global_colors_info=&#8221;{}&#8221;]<\/p>\n<p>Anchorage point, emergency stop and emergency lowering for your safety.<\/p>\n<p>[\/et_pb_blurb][\/et_pb_column][et_pb_column type=&#8221;1_3&#8243; _builder_version=&#8221;4.16&#8243; custom_padding=&#8221;|||&#8221; global_colors_info=&#8221;{}&#8221; custom_padding__hover=&#8221;|||&#8221;][et_pb_blurb title=&#8221;Light and smooth&#8221; use_icon=&#8221;on&#8221; font_icon=&#8221;&#xe052;||divi||400&#8243; icon_placement=&#8221;left&#8221; admin_label=&#8221;L\u00e4tt och smidig&#8221; _builder_version=&#8221;4.16&#8243; global_colors_info=&#8221;{}&#8221;]<\/p>\n<p>Transported in lifts and passes through doors.<\/p>\n<p>[\/et_pb_blurb][\/et_pb_column][et_pb_column type=&#8221;1_3&#8243; _builder_version=&#8221;4.16&#8243; custom_padding=&#8221;|||&#8221; global_colors_info=&#8221;{}&#8221; custom_padding__hover=&#8221;|||&#8221;][et_pb_blurb title=&#8221;Smart features&#8221; use_icon=&#8221;on&#8221; font_icon=&#8221;&#xe072;||divi||400&#8243; icon_placement=&#8221;left&#8221; admin_label=&#8221;Smarta funktioner&#8221; _builder_version=&#8221;4.16&#8243; global_colors_info=&#8221;{}&#8221;]<\/p>\n<p>For example, decoupling of wheels, USB connector, storage area for tools.<\/p>\n<p>[\/et_pb_blurb][\/et_pb_column][\/et_pb_row][\/et_pb_section][et_pb_section fb_built=&#8221;1&#8243; admin_label=&#8221;Demo&#8221; module_id=&#8221;bookdemo&#8221; module_class=&#8221;makedark2&#8243; _builder_version=&#8221;4.24.2&#8243; background_color=&#8221;#1a1a1a&#8221; background_image=&#8221;https:\/\/wpml.safelift.se\/wp-content\/uploads\/180116_safelift_fjl_270-3.jpg&#8221; parallax=&#8221;on&#8221; parallax_method=&#8221;off&#8221; top_divider_color=&#8221;#f4f4f4&#8243; top_divider_flip=&#8221;horizontal|vertical&#8221; bottom_divider_color=&#8221;#222222&#8243; global_module=&#8221;436&#8243; collapsed=&#8221;on&#8221; global_colors_info=&#8221;{}&#8221;][et_pb_row column_structure=&#8221;1_2,1_2&#8243; make_equal=&#8221;on&#8221; _builder_version=&#8221;4.16&#8243; background_size=&#8221;initial&#8221; background_position=&#8221;top_left&#8221; background_repeat=&#8221;repeat&#8221; locked=&#8221;off&#8221; global_colors_info=&#8221;{}&#8221;][et_pb_column type=&#8221;1_2&#8243; _builder_version=&#8221;4.16&#8243; custom_padding=&#8221;|||&#8221; custom_css_main_element=&#8221;margin: auto;&#8221; global_colors_info=&#8221;{}&#8221; custom_padding__hover=&#8221;|||&#8221;][et_pb_cta title=&#8221;Contact us&#8221; button_url=&#8221;https:\/\/wpml.safelift.se\/kontakt\/&#8221; button_text=&#8221;Contact us&#8221; _builder_version=&#8221;4.22.2&#8243; header_text_color=&#8221;#ffc310&#8243; use_background_color=&#8221;off&#8221; custom_button=&#8221;on&#8221; button_text_color=&#8221;#222222&#8243; text_orientation=&#8221;left&#8221; global_colors_info=&#8221;{}&#8221; button_text_size__hover_enabled=&#8221;off&#8221; button_text_size__hover=&#8221;null&#8221; button_one_text_size__hover_enabled=&#8221;off&#8221; button_one_text_size__hover=&#8221;null&#8221; button_two_text_size__hover_enabled=&#8221;off&#8221; button_two_text_size__hover=&#8221;null&#8221; button_text_color__hover_enabled=&#8221;off&#8221; button_text_color__hover=&#8221;null&#8221; button_one_text_color__hover_enabled=&#8221;off&#8221; button_one_text_color__hover=&#8221;null&#8221; button_two_text_color__hover_enabled=&#8221;off&#8221; button_two_text_color__hover=&#8221;null&#8221; button_border_width__hover_enabled=&#8221;off&#8221; button_border_width__hover=&#8221;null&#8221; button_one_border_width__hover_enabled=&#8221;off&#8221; button_one_border_width__hover=&#8221;null&#8221; button_two_border_width__hover_enabled=&#8221;off&#8221; button_two_border_width__hover=&#8221;null&#8221; button_border_color__hover_enabled=&#8221;off&#8221; button_border_color__hover=&#8221;null&#8221; button_one_border_color__hover_enabled=&#8221;off&#8221; button_one_border_color__hover=&#8221;null&#8221; button_two_border_color__hover_enabled=&#8221;off&#8221; button_two_border_color__hover=&#8221;null&#8221; button_border_radius__hover_enabled=&#8221;off&#8221; button_border_radius__hover=&#8221;null&#8221; button_one_border_radius__hover_enabled=&#8221;off&#8221; button_one_border_radius__hover=&#8221;null&#8221; button_two_border_radius__hover_enabled=&#8221;off&#8221; button_two_border_radius__hover=&#8221;null&#8221; button_letter_spacing__hover_enabled=&#8221;off&#8221; button_letter_spacing__hover=&#8221;null&#8221; button_one_letter_spacing__hover_enabled=&#8221;off&#8221; button_one_letter_spacing__hover=&#8221;null&#8221; button_two_letter_spacing__hover_enabled=&#8221;off&#8221; button_two_letter_spacing__hover=&#8221;null&#8221; button_bg_color__hover_enabled=&#8221;off&#8221; button_bg_color__hover=&#8221;null&#8221; button_one_bg_color__hover_enabled=&#8221;off&#8221; button_one_bg_color__hover=&#8221;null&#8221; button_two_bg_color__hover_enabled=&#8221;off&#8221; button_two_bg_color__hover=&#8221;null&#8221;]<\/p>\n<p>Do you want to contact us to find out more or do you want us to contact you? It is also possible to book a test drive. Get in touch and we\u2019ll tell you more!  <\/p>\n<p>[\/et_pb_cta][et_pb_counters disabled_on=&#8221;on|on|on&#8221; _builder_version=&#8221;4.27.0&#8243; _module_preset=&#8221;default&#8221; disabled=&#8221;on&#8221; global_colors_info=&#8221;{}&#8221;][et_pb_counter percent=&#8221;50&#8243; _builder_version=&#8221;4.27.0&#8243; _module_preset=&#8221;default&#8221; background_enable_video_mp4=&#8221;on&#8221; background_enable_video_webm=&#8221;on&#8221; global_colors_info=&#8221;{}&#8221; bar_background_color_default=&#8221;#ffc310&#8243; use_percentages=&#8221;on&#8221;][\/et_pb_counter][\/et_pb_counters][\/et_pb_column][et_pb_column type=&#8221;1_2&#8243; _builder_version=&#8221;4.16&#8243; custom_padding=&#8221;|||&#8221; global_colors_info=&#8221;{}&#8221; custom_padding__hover=&#8221;|||&#8221;][et_pb_image src=&#8221;https:\/\/wpml.safelift.se\/wp-content\/uploads\/footer-safelift.png&#8221; alt=&#8221;Mast lifts&#8221; title_text=&#8221;Mast lifts&#8221; align=&#8221;center&#8221; align_tablet=&#8221;center&#8221; align_phone=&#8221;&#8221; align_last_edited=&#8221;on|desktop&#8221; _builder_version=&#8221;4.16&#8243; always_center_on_mobile=&#8221;on&#8221; global_colors_info=&#8221;{}&#8221;][\/et_pb_image][\/et_pb_column][\/et_pb_row][\/et_pb_section]<\/p>\n","protected":false},"excerpt":{"rendered":"<p>About Safelift Safelift was founded in 2010 with the aim of replacing ladders with flexible and user-friendly mast lifts, thus making working at height indoors safe. After a couple of years of product development, we could present two models, PushAround and MoveAround in 2013, each with a work height of 5 metres. Today we export [&hellip;]<\/p>\n","protected":false},"author":1,"featured_media":0,"parent":0,"menu_order":0,"comment_status":"closed","ping_status":"closed","template":"","meta":{"_et_pb_use_builder":"on","_et_pb_old_content":"","_et_gb_content_width":"","footnotes":""},"class_list":["post-14899","page","type-page","status-publish","hentry"],"yoast_head":"<!-- This site is optimized with the Yoast SEO plugin v25.6 - https:\/\/yoast.com\/wordpress\/plugins\/seo\/ -->\n<title>About Safelift - Safelift - Mast lifts for safe work indoors<\/title>\n<meta name=\"description\" content=\"With the simple and easy-to-maintain construction, Safelift&#039;s mast lifts are a cost-effective alternative to equivalent lifts on the market.\" \/>\n<meta name=\"robots\" content=\"noindex, follow, max-snippet:-1, max-image-preview:large, max-video-preview:-1\" \/>\n<meta property=\"og:locale\" content=\"en_US\" \/>\n<meta property=\"og:type\" content=\"article\" \/>\n<meta property=\"og:title\" content=\"About Safelift - Safelift - Mast lifts for safe work indoors\" \/>\n<meta property=\"og:description\" content=\"With the simple and easy-to-maintain construction, Safelift&#039;s mast lifts are a cost-effective alternative to equivalent lifts on the market.\" \/>\n<meta property=\"og:url\" content=\"https:\/\/wpml.safelift.se\/en\/about\/\" \/>\n<meta property=\"og:site_name\" content=\"Safelift\" \/>\n<meta property=\"article:publisher\" content=\"https:\/\/www.facebook.com\/Safelift\/\" \/>\n<meta property=\"article:modified_time\" content=\"2024-09-20T14:07:05+00:00\" \/>\n<meta property=\"og:image\" content=\"https:\/\/wpml.safelift.se\/wp-content\/uploads\/yoast-default.jpg\" \/>\n\t<meta property=\"og:image:width\" content=\"1200\" \/>\n\t<meta property=\"og:image:height\" content=\"675\" \/>\n\t<meta property=\"og:image:type\" content=\"image\/jpeg\" \/>\n<meta name=\"twitter:card\" content=\"summary_large_image\" \/>\n<meta name=\"twitter:label1\" content=\"Est. reading time\" \/>\n\t<meta name=\"twitter:data1\" content=\"10 minutes\" \/>\n<script type=\"application\/ld+json\" class=\"yoast-schema-graph\">{\"@context\":\"https:\/\/schema.org\",\"@graph\":[{\"@type\":\"WebPage\",\"@id\":\"https:\/\/wpml.safelift.se\/en\/about\/\",\"url\":\"https:\/\/wpml.safelift.se\/en\/about\/\",\"name\":\"About Safelift - Safelift - Mast lifts for safe work indoors\",\"isPartOf\":{\"@id\":\"https:\/\/wpml.safelift.se\/en\/#website\"},\"datePublished\":\"2018-02-19T12:09:18+00:00\",\"dateModified\":\"2024-09-20T14:07:05+00:00\",\"description\":\"With the simple and easy-to-maintain construction, Safelift's mast lifts are a cost-effective alternative to equivalent lifts on the market.\",\"breadcrumb\":{\"@id\":\"https:\/\/wpml.safelift.se\/en\/about\/#breadcrumb\"},\"inLanguage\":\"en-US\",\"potentialAction\":[{\"@type\":\"ReadAction\",\"target\":[\"https:\/\/wpml.safelift.se\/en\/about\/\"]}]},{\"@type\":\"BreadcrumbList\",\"@id\":\"https:\/\/wpml.safelift.se\/en\/about\/#breadcrumb\",\"itemListElement\":[{\"@type\":\"ListItem\",\"position\":1,\"name\":\"Hem\",\"item\":\"https:\/\/wpml.safelift.se\/en\/home\/\"},{\"@type\":\"ListItem\",\"position\":2,\"name\":\"About Safelift\"}]},{\"@type\":\"WebSite\",\"@id\":\"https:\/\/wpml.safelift.se\/en\/#website\",\"url\":\"https:\/\/wpml.safelift.se\/en\/\",\"name\":\"Safelift\",\"description\":\"Mast lifts for safe work indoors\",\"publisher\":{\"@id\":\"https:\/\/wpml.safelift.se\/en\/#organization\"},\"potentialAction\":[{\"@type\":\"SearchAction\",\"target\":{\"@type\":\"EntryPoint\",\"urlTemplate\":\"https:\/\/wpml.safelift.se\/en\/?s={search_term_string}\"},\"query-input\":{\"@type\":\"PropertyValueSpecification\",\"valueRequired\":true,\"valueName\":\"search_term_string\"}}],\"inLanguage\":\"en-US\"},{\"@type\":\"Organization\",\"@id\":\"https:\/\/wpml.safelift.se\/en\/#organization\",\"name\":\"Safelift\",\"url\":\"https:\/\/wpml.safelift.se\/en\/\",\"logo\":{\"@type\":\"ImageObject\",\"inLanguage\":\"en-US\",\"@id\":\"https:\/\/wpml.safelift.se\/en\/#\/schema\/logo\/image\/\",\"url\":\"https:\/\/wpml.safelift.se\/wp-content\/uploads\/platta.gif\",\"contentUrl\":\"https:\/\/wpml.safelift.se\/wp-content\/uploads\/platta.gif\",\"width\":487,\"height\":267,\"caption\":\"Safelift\"},\"image\":{\"@id\":\"https:\/\/wpml.safelift.se\/en\/#\/schema\/logo\/image\/\"},\"sameAs\":[\"https:\/\/www.facebook.com\/Safelift\/\"]}]}<\/script>\n<!-- \/ Yoast SEO plugin. -->","yoast_head_json":{"title":"About Safelift - Safelift - Mast lifts for safe work indoors","description":"With the simple and easy-to-maintain construction, Safelift's mast lifts are a cost-effective alternative to equivalent lifts on the market.","robots":{"index":"noindex","follow":"follow","max-snippet":"max-snippet:-1","max-image-preview":"max-image-preview:large","max-video-preview":"max-video-preview:-1"},"og_locale":"en_US","og_type":"article","og_title":"About Safelift - Safelift - Mast lifts for safe work indoors","og_description":"With the simple and easy-to-maintain construction, Safelift's mast lifts are a cost-effective alternative to equivalent lifts on the market.","og_url":"https:\/\/wpml.safelift.se\/en\/about\/","og_site_name":"Safelift","article_publisher":"https:\/\/www.facebook.com\/Safelift\/","article_modified_time":"2024-09-20T14:07:05+00:00","og_image":[{"width":1200,"height":675,"url":"https:\/\/wpml.safelift.se\/wp-content\/uploads\/yoast-default.jpg","type":"image\/jpeg"}],"twitter_card":"summary_large_image","twitter_misc":{"Est. reading time":"10 minutes"},"schema":{"@context":"https:\/\/schema.org","@graph":[{"@type":"WebPage","@id":"https:\/\/wpml.safelift.se\/en\/about\/","url":"https:\/\/wpml.safelift.se\/en\/about\/","name":"About Safelift - Safelift - Mast lifts for safe work indoors","isPartOf":{"@id":"https:\/\/wpml.safelift.se\/en\/#website"},"datePublished":"2018-02-19T12:09:18+00:00","dateModified":"2024-09-20T14:07:05+00:00","description":"With the simple and easy-to-maintain construction, Safelift's mast lifts are a cost-effective alternative to equivalent lifts on the market.","breadcrumb":{"@id":"https:\/\/wpml.safelift.se\/en\/about\/#breadcrumb"},"inLanguage":"en-US","potentialAction":[{"@type":"ReadAction","target":["https:\/\/wpml.safelift.se\/en\/about\/"]}]},{"@type":"BreadcrumbList","@id":"https:\/\/wpml.safelift.se\/en\/about\/#breadcrumb","itemListElement":[{"@type":"ListItem","position":1,"name":"Hem","item":"https:\/\/wpml.safelift.se\/en\/home\/"},{"@type":"ListItem","position":2,"name":"About Safelift"}]},{"@type":"WebSite","@id":"https:\/\/wpml.safelift.se\/en\/#website","url":"https:\/\/wpml.safelift.se\/en\/","name":"Safelift","description":"Mast lifts for safe work indoors","publisher":{"@id":"https:\/\/wpml.safelift.se\/en\/#organization"},"potentialAction":[{"@type":"SearchAction","target":{"@type":"EntryPoint","urlTemplate":"https:\/\/wpml.safelift.se\/en\/?s={search_term_string}"},"query-input":{"@type":"PropertyValueSpecification","valueRequired":true,"valueName":"search_term_string"}}],"inLanguage":"en-US"},{"@type":"Organization","@id":"https:\/\/wpml.safelift.se\/en\/#organization","name":"Safelift","url":"https:\/\/wpml.safelift.se\/en\/","logo":{"@type":"ImageObject","inLanguage":"en-US","@id":"https:\/\/wpml.safelift.se\/en\/#\/schema\/logo\/image\/","url":"https:\/\/wpml.safelift.se\/wp-content\/uploads\/platta.gif","contentUrl":"https:\/\/wpml.safelift.se\/wp-content\/uploads\/platta.gif","width":487,"height":267,"caption":"Safelift"},"image":{"@id":"https:\/\/wpml.safelift.se\/en\/#\/schema\/logo\/image\/"},"sameAs":["https:\/\/www.facebook.com\/Safelift\/"]}]}},"_links":{"self":[{"href":"https:\/\/wpml.safelift.se\/en\/wp-json\/wp\/v2\/pages\/14899"}],"collection":[{"href":"https:\/\/wpml.safelift.se\/en\/wp-json\/wp\/v2\/pages"}],"about":[{"href":"https:\/\/wpml.safelift.se\/en\/wp-json\/wp\/v2\/types\/page"}],"author":[{"embeddable":true,"href":"https:\/\/wpml.safelift.se\/en\/wp-json\/wp\/v2\/users\/1"}],"replies":[{"embeddable":true,"href":"https:\/\/wpml.safelift.se\/en\/wp-json\/wp\/v2\/comments?post=14899"}],"version-history":[{"count":2,"href":"https:\/\/wpml.safelift.se\/en\/wp-json\/wp\/v2\/pages\/14899\/revisions"}],"predecessor-version":[{"id":14901,"href":"https:\/\/wpml.safelift.se\/en\/wp-json\/wp\/v2\/pages\/14899\/revisions\/14901"}],"wp:attachment":[{"href":"https:\/\/wpml.safelift.se\/en\/wp-json\/wp\/v2\/media?parent=14899"}],"curies":[{"name":"wp","href":"https:\/\/api.w.org\/{rel}","templated":true}]}}